{"id":3857,"date":"2025-05-05T00:52:58","date_gmt":"2025-05-04T22:52:58","guid":{"rendered":"https:\/\/mojtrener.me\/?page_id=3857"},"modified":"2025-05-05T00:52:58","modified_gmt":"2025-05-04T22:52:58","slug":"terms-of-use","status":"publish","type":"page","link":"https:\/\/mojtrener.me\/me\/terms-of-use\/","title":{"rendered":"Terms Of Use"},"content":{"rendered":"<div data-elementor-type=\"wp-page\" data-elementor-id=\"3857\" class=\"elementor elementor-3857\">\n\t\t\t\t<div class=\"elementor-element elementor-element-9200126 e-flex e-con-boxed e-con e-parent\" data-id=\"9200126\" data-element_type=\"container\" data-e-type=\"container\">\n\t\t\t\t\t<div class=\"e-con-inner\">\n\t\t\t\t<div class=\"elementor-element elementor-element-81ea681 elementor-widget elementor-widget-text-editor\" data-id=\"81ea681\" data-element_type=\"widget\" data-e-type=\"widget\" data-widget_type=\"text-editor.default\">\n\t\t\t\t<div class=\"elementor-widget-container\">\n\t\t\t\t\t\t\t\t\t<p>NAPOMENA: Ovi Uslovi Kori\u0161\u0107enja su napisani na crnogorskom jeziku, a svaki prevod na druge jezike je samo informativan. U slu\u010daju bilo kakvih nesuglasica izme\u0111u prevoda i originalnog crnogorskog teksta, originalni tekst ima prednost. U nastavku se nalazi neformalan prevod na engleskom jeziku.<\/p>\t\t\t\t\t\t\t\t<\/div>\n\t\t\t\t<\/div>\n\t\t\t\t\t<\/div>\n\t\t\t\t<\/div>\n\t\t<div class=\"elementor-element elementor-element-8f29193 e-flex e-con-boxed e-con e-parent\" data-id=\"8f29193\" data-element_type=\"container\" data-e-type=\"container\">\n\t\t\t\t\t<div class=\"e-con-inner\">\n\t\t\t\t<div class=\"elementor-element elementor-element-7167482 elementor-widget elementor-widget-heading\" data-id=\"7167482\" data-element_type=\"widget\" data-e-type=\"widget\" data-widget_type=\"heading.default\">\n\t\t\t\t<div class=\"elementor-widget-container\">\n\t\t\t\t\t<h2 class=\"elementor-heading-title elementor-size-default\">CRNOGORSKI<\/h2>\t\t\t\t<\/div>\n\t\t\t\t<\/div>\n\t\t\t\t<div class=\"elementor-element elementor-element-ef3ee21 elementor-widget elementor-widget-text-editor\" data-id=\"ef3ee21\" data-element_type=\"widget\" data-e-type=\"widget\" data-widget_type=\"text-editor.default\">\n\t\t\t\t<div class=\"elementor-widget-container\">\n\t\t\t\t\t\t\t\t\t<p>Uslovi kori\u0161tenja sajta<\/p>\n<p>Prije svega, hvala Vam \u0161to ste posjetili na\u0161 web sajt. Nadamo se da \u0107ete kao posjetilac web sajta www.mojtrener.me na\u0107i potrebne i korisne informacije kao i usluge odnosno proizvode.<\/p>\n<p>Osnovne informacije<\/p>\n<p>Va\u0161 pristup, kao i kori\u0161tenje web sajta www.mojtrener.me podlje\u017eu ovim uslovima kori\u0161\u0107enja i va\u017ee\u0107im zakonskim propisima Dr\u017eave Crne Gore, koji ure\u0111uju ovu oblast. Pristupom i kori\u0161tenjem web sajta, smatra se da u potpunosti prihvatate ove uslove kori\u0161tenja. Ukoliko ne prihvatate ove uslove kori\u0161tenja u potpunosti, molimo Vas da napustite web sajt www.mojtrener.me.<\/p>\n<p>Vlasni\u0161tvo nad sadr\u017eajem web sajta<\/p>\n<p>Web sajt www.mojtrener.me, i cijeli sadr\u017eaj sajta uklju\u010duju\u0107i tekst i medijski materijal (slike, video, logo itd.) su vlasni\u0161tvo firme Sport&amp;Adventure K4 d.o.o. iz Tivta, ili je sadr\u017eaj koji se nalazi na web sajtu www.mojtrener.me, postavljen uz saglasnost vlasnika ili ovla\u0161\u0107enog nosioca prava. Kori\u0161tenje bilo kojeg sadr\u017eaja bez pisane dozvole vlasnika je strogo zabranjeno i podlije\u017ee krivi\u010dnom gonjenju.<\/p>\n<p>Va\u0161a upotreba internet sajta<\/p>\n<p>Sadr\u017eaj na web sajtu www.mojtrener.me mo\u017ee sadr\u017eati podatke koji nisu ispravni i ta\u010dni. Iz tog razloga bilo koji sadr\u017eaj objavljen od strane programera, administratora ili registrovanih korisnika web sajta www.mojtrener.me ne treba tuma\u010diti kao istinite. Promjene sadr\u017eaja ili kompletnog web sajta www.mojtrener.me mogu se desiti u bilo kom trenutku bez obavje\u0161tenja. Firma Sport&amp;Adventure K4 d.o.o. ne mo\u017ee garantovati da \u0107e web sajt www.mojtrener.me ispravno raditi i funkcionisati na razli\u010ditim ure\u0111ajima, internet pretra\u017eiva\u010dima kao i u odre\u0111enim regijama, kao i to da \u0107e biti za\u0161ti\u0107en od virusa i drugih \u0161tetnih komponenti.<\/p>\n<p>Izuze\u0107e od odgovornosti<\/p>\n<p>Web sajt www.mojtrener.me i njegov cijeli sadr\u017eaj ili bilo koji dio koristite na sopstvenu odgovornost. Ovim Vas upozoravamo da web sajt www.mojtrener.me koristite na sopstveni rizik i da firma Sport&amp;Adventure K4 d.o.o. nije i ne mo\u017ee biti odgovorna za bilo kakvu \u0161tetu nastalu kori\u0161tenjem web sajta www.mojtrener.me. Tako\u0111e, kori\u0161tenje usluga koje nude registrovani korisnici na web sajtu www.mojtrener.me koristite na sopstvenu odgovornost i rizik i u tom slu\u010daju firma Sport&amp;Adventure K4 d.o.o. nije i ne mo\u017ee biti odgovorna za bilo kakvu \u0161tetu nastalu kori\u0161tenjem usluga registrovanih korisnika. Kori\u0161tenjem www.mojtrener.me prihvatate rizik da informacije mogu biti nepotpune ili neta\u010dne. Firma Sport&amp;Adventure K4 d.o.o. se odri\u010de svake odgovornosti za direktne, indirektne, slu\u010dajne, posledi\u010dne \u0161tete, uklju\u010duju\u0107i ali ne ograni\u010davaju\u0107i se na \u0161tete zbog gubitka profita, dobre volje, upotrebe, podataka ili drugih neopipljivih gubitaka (\u010dak i ako je firma upozorena na mogu\u0107nost takvih \u0161teta) koje proizilaze iz upotrebe ili nemogu\u0107nosti upotrebe sajta.<\/p>\n<p>Linkovi<\/p>\n<p>Web sajt www.mojtrener.me mo\u017ee sadr\u017eati spoljne linkove koji vode do drugih sajtova. Ti linkovi mogu biti postavljeni od strane programera, administratora kao i od strane registrovanih korisnika web sajta www.mojtrener.me. Linkove koristite na vlastitu odgovornost i rizik jer firma Sport&amp;Adventure K4 d.o.o. ne kontroli\u0161e sadr\u017eaj sajtova na koje vode ti linkovi i samim time firma Sport&amp;Adventure K4 d.o.o. nije i ne mo\u017ee biti odgovorna za Va\u0161e pristupanje tim sajtovima, kao i za bilo kakvu \u0161tetu nastalu pristupanju tih sajtova.<\/p>\n<p>Izmjena ovih uslova<\/p>\n<p>Firma Sport&amp;Adventure K4 d.o.o. mo\u017ee izmijeniti ove Uslove kori\u0161tenja u bilo koje vrijeme bez prethodne najave. Va\u0161a kontinuirana upotreba sajta nakon izmena zna\u010di da prihvatate i saglasni ste sa novim uslovima. Periodi\u010dno provjeravajte uslove za eventualne izmene.<\/p>\n<p>Korisni\u010dki odnos<\/p>\n<p>Firma Sport&amp;Adventure K4 d.o.o. zadr\u017eava pravo da u svakom trenutku mo\u017ee raskinuti korisni\u010dki odnos sa registrovanim korisnikom na web sajtu www.mojtrener.me, i to na na\u010din da korisniku ukine pristup korisni\u010dkom nalogu ili trajno izbri\u0161e korisni\u010dki nalog.<\/p>\n<p>Rje\u0161avanje sporova<\/p>\n<p>Svi sporovi koji nastanu izme\u0111u firme Sport&amp;Adventure K4 d.o.o. i bilo kojeg registrovanog korisnika ili bilo kojeg posjetitelja web sajta www.mojtrener.me, firma Sport&amp;Adventure K4 d.o.o. \u0107e se truditi da rije\u0161i mirnim putem. U slu\u010daju da rje\u0161enje spora nije mogu\u0107e rije\u0161iti mirnim putem u tom slu\u010daju za rje\u0161avanje spora bi\u0107e nadle\u017ean Osnovni Sud u Kotoru, Crna Gora.<\/p>\t\t\t\t\t\t\t\t<\/div>\n\t\t\t\t<\/div>\n\t\t\t\t<div class=\"elementor-element elementor-element-8d50b42 elementor-widget elementor-widget-heading\" data-id=\"8d50b42\" data-element_type=\"widget\" data-e-type=\"widget\" data-widget_type=\"heading.default\">\n\t\t\t\t<div class=\"elementor-widget-container\">\n\t\t\t\t\t<h2 class=\"elementor-heading-title elementor-size-default\">ENGLISH<\/h2>\t\t\t\t<\/div>\n\t\t\t\t<\/div>\n\t\t\t\t<div class=\"elementor-element elementor-element-b8292e4 elementor-widget elementor-widget-text-editor\" data-id=\"b8292e4\" data-element_type=\"widget\" data-e-type=\"widget\" data-widget_type=\"text-editor.default\">\n\t\t\t\t<div class=\"elementor-widget-container\">\n\t\t\t\t\t\t\t\t\t<p>Website Terms of Use<\/p>\n<p>First of all, thank you for visiting our website. We hope that as a visitor to www.mojtrener.me, you will find necessary and useful information, as well as services and products.<\/p>\n<p>Basic Information<\/p>\n<p>Your access and use of the website www.mojtrener.me are subject to these terms of use and applicable legal regulations of the State of Montenegro, which govern this area. By accessing and using the website, it is considered that you fully accept these terms of use. If you do not fully accept these terms of use, please leave the website www.mojtrener.me.<\/p>\n<p>Ownership of Website Content<\/p>\n<p>The website www.mojtrener.me and all content of the site including text and media material (images, videos, logos, etc.) are the property of Sport&amp;Adventure K4 d.o.o. from Tivat, or content located on the website www.mojtrener.me, posted with the consent of the owner or authorized right holder. Use of any content without the written permission of the owner is strictly prohibited and subject to criminal prosecution.<\/p>\n<p>Your Use of the Website<\/p>\n<p>The content on the website www.mojtrener.me may contain inaccurate and incorrect data. For this reason, any content published by developers, administrators, or registered users of the website www.mojtrener.me should not be interpreted as accurate. Changes to the content or the complete website www.mojtrener.me may occur at any time without notice. Sport&amp;Adventure K4 d.o.o. cannot guarantee that the website www.mojtrener.me will function correctly and operate on various devices, internet browsers, or in certain regions, or that it will be protected from viruses and other harmful components.<\/p>\n<p>Disclaimer<\/p>\n<p>The website www.mojtrener.me and its entire content or any part thereof are used at your own risk. We warn you to use the website www.mojtrener.me at your own risk and that Sport&amp;Adventure K4 d.o.o. cannot and will not be responsible for any damage incurred by using the website www.mojtrener.me. Also, the use of services offered by registered users on the website www.mojtrener.me is at your own risk and in such cases, Sport&amp;Adventure K4 d.o.o. cannot and will not be responsible for any damage incurred by using the services of registered users. By using www.mojtrener.me, you accept the risk that information may be incomplete or inaccurate. Sport&amp;Adventure K4 d.o.o. disclaims all liability for direct, indirect, incidental, consequential damages, including but not limited to damages for loss of profits, goodwill, use, data, or other intangible losses (even if the company has been advised of the possibility of such damages) arising from the use or inability to use the site.<\/p>\n<p>Links<\/p>\n<p>The website www.mojtrener.me may contain external links that lead to other sites. These links may be set by developers, administrators, and by registered users of the website www.mojtrener.me. Use these links at your own risk and responsibility because Sport&amp;Adventure K4 d.o.o. does not control the content of the sites these links lead to and therefore, Sport&amp;Adventure K4 d.o.o. cannot and will not be responsible for your access to these sites, or for any damage incurred by accessing these sites.<\/p>\n<p>Modification of These Terms<\/p>\n<p>Sport&amp;Adventure K4 d.o.o. may modify these Terms of Use at any time without prior notice. Your continued use of the site after such changes means that you accept and agree to the new terms. Periodically check the terms for any modifications.<\/p>\n<p>User Relationship<\/p>\n<p>Sport&amp;Adventure K4 d.o.o. reserves the right at any time to terminate the user relationship with any registered user on the website www.mojtrener.me, by denying access to the user account or permanently deleting the user account.<\/p>\n<p>Dispute Resolution<\/p>\n<p>All disputes that arise between Sport&amp;Adventure K4 d.o.o. and any registered user or any visitor to the website www.mojtrener.me, Sport&amp;Adventure K4 d.o.o. will attempt to resolve amicably. In case it is not possible to resolve the dispute amicably, the Basic Court in Kotor, Montenegro, will have jurisdiction to resolve the dispute.<\/p>\t\t\t\t\t\t\t\t<\/div>\n\t\t\t\t<\/div>\n\t\t\t\t\t<\/div>\n\t\t\t\t<\/div>\n\t\t\t\t<\/div>","protected":false},"excerpt":{"rendered":"<p>NOTE: These Terms of Use are written in Montenegrin, and any translation into other languages is for informational purposes only. In case of any discrepancies between the translation and the original Montenegrin text, the original text will take precedence. Below is an informal English translation. CRNOGORSKI Uslovi kori\u0161tenja sajta Prije svega, hvala Vam \u0161to ste posjetili na\u0161 web sajt. Nadamo se da \u0107ete kao posjetilac web sajta www.mojtrener.me na\u0107i potrebne i korisne informacije kao i usluge odnosno proizvode. Osnovne informacije Va\u0161 pristup, kao i kori\u0161tenje web sajta www.mojtrener.me podlje\u017eu ovim uslovima kori\u0161\u0107enja i va\u017ee\u0107im zakonskim propisima Dr\u017eave Crne Gore, koji ure\u0111uju ovu oblast. Pristupom i kori\u0161tenjem web sajta, smatra se da u potpunosti prihvatate ove uslove kori\u0161tenja. Ukoliko ne prihvatate ove uslove kori\u0161tenja u potpunosti, molimo Vas da napustite web sajt www.mojtrener.me. Vlasni\u0161tvo nad sadr\u017eajem web sajta Web sajt www.mojtrener.me, i cijeli sadr\u017eaj sajta uklju\u010duju\u0107i tekst i medijski materijal (slike, video, logo itd.) su vlasni\u0161tvo firme Sport&amp;Adventure K4 d.o.o. iz Tivta, ili je sadr\u017eaj koji se nalazi na&hellip;<\/p>","protected":false},"author":1,"featured_media":0,"parent":0,"menu_order":0,"comment_status":"closed","ping_status":"closed","template":"","meta":{"footnotes":""},"wf_page_folders":[],"class_list":["post-3857","page","type-page","status-publish","hentry"],"_links":{"self":[{"href":"https:\/\/mojtrener.me\/me\/wp-json\/wp\/v2\/pages\/3857","targetHints":{"allow":["GET"]}}],"collection":[{"href":"https:\/\/mojtrener.me\/me\/wp-json\/wp\/v2\/pages"}],"about":[{"href":"https:\/\/mojtrener.me\/me\/wp-json\/wp\/v2\/types\/page"}],"author":[{"embeddable":true,"href":"https:\/\/mojtrener.me\/me\/wp-json\/wp\/v2\/users\/1"}],"replies":[{"embeddable":true,"href":"https:\/\/mojtrener.me\/me\/wp-json\/wp\/v2\/comments?post=3857"}],"version-history":[{"count":1,"href":"https:\/\/mojtrener.me\/me\/wp-json\/wp\/v2\/pages\/3857\/revisions"}],"predecessor-version":[{"id":4032,"href":"https:\/\/mojtrener.me\/me\/wp-json\/wp\/v2\/pages\/3857\/revisions\/4032"}],"wp:attachment":[{"href":"https:\/\/mojtrener.me\/me\/wp-json\/wp\/v2\/media?parent=3857"}],"wp:term":[{"taxonomy":"wf_page_folders","embeddable":true,"href":"https:\/\/mojtrener.me\/me\/wp-json\/wp\/v2\/wf_page_folders?post=3857"}],"curies":[{"name":"wp","href":"https:\/\/api.w.org\/{rel}","templated":true}]}}